{"id":1446,"date":"2017-11-05T19:28:26","date_gmt":"2017-11-06T00:28:26","guid":{"rendered":"https:\/\/gpstartersites.com\/pivot\/?page_id=10"},"modified":"2024-02-13T00:14:06","modified_gmt":"2024-02-12T23:14:06","slug":"home-2","status":"publish","type":"page","link":"https:\/\/neuroprevencion.com\/","title":{"rendered":"Home"},"content":{"rendered":"<div class=\"gb-container gb-container-2339c2c0\">\n<div class=\"gb-container gb-container-e938cd69\">\n\n<h1 class=\"gb-headline gb-headline-8aeac27c gb-headline-text\"> salud EMPRESARIAL<\/h1>\n\n\n\n<h2 class=\"gb-headline gb-headline-df6ee06f gb-headline-text\">Ayudamos a empresas a tener un ADN saludable<\/h2>\n\n\n\n<a class=\"gb-button gb-button-57345fd2 gb-button-text\" href=\"#welcome\">Comenzamos<\/a>\n\n<\/div>\n<\/div>\n\n<div class=\"gb-container gb-container-5c678b6a\">\n\n<h2 class=\"gb-headline gb-headline-984cc6f5 gb-headline-text\">La salud de tu empresa , es la salud de tus trabajadores.<\/h2>\n\n\n\n<div class=\"gb-headline gb-headline-43f5fdb8 gb-headline-text\"><\/div>\n\n\n\n<p>Fisioprevencion presenta un innovador servicio de fisioterapia dentro de las empresas, siendo pionera en Espa\u00f1a en este enfoque. Nuestro enfoque se especializa en la disminuci\u00f3n del ausentismo laboral, abordando de manera efectiva este desaf\u00edo.<\/p>\n\n\n\n<p>Seg\u00fan los \u00faltimos estudios realizados por agencias laborales, se ha encontrado que el 70% de las bajas laborales se deben a los Trastornos M\u00fasculo-Esquel\u00e9ticos (TME). &nbsp;Es importante abordar estos TME de manera proactiva, para reducir el impacto socio-econ\u00f3mico que representa..<\/p>\n\n\n\n<p>\u00bfQuereis formar parte del plan empresas saludables? Nosotros os contamos todo<\/p>\n\n\n<div class=\"gb-container gb-container-7c6434dc\">\n<div class=\"gb-container gb-container-7119aad6\">\n\n<h4 class=\"gb-headline gb-headline-9a812515 gb-headline-text\">NUESTRO PROCESO<\/h4>\n\n\n\n<div class=\"gb-headline gb-headline-5f079b79 gb-headline-text\"><\/div>\n\n\n<div class=\"gb-container gb-container-076e69e9\">\n<div class=\"gb-container gb-container-b650f56d\">\n\n<h3 class=\"gb-headline gb-headline-579be472 gb-headline-text\">1.<\/h3>\n\n\n\n<h5 class=\"gb-headline gb-headline-002f2c04 gb-headline-text\">Analizamos tus necesidades<\/h5>\n\n\n\n<p class=\"gb-headline gb-headline-1d5fcf18 gb-headline-text\">La informaci\u00f3n es poder. Nosotros lo tenemos en cuenta y nuestro camino empieza realizando todos los estudios necesarios<br><\/p>\n\n<\/div>\n\n<div class=\"gb-container gb-container-c3dbffc0\">\n\n<h3 class=\"gb-headline gb-headline-608cf22c gb-headline-text\">2.<\/h3>\n\n\n\n<h5 class=\"gb-headline gb-headline-d8ceb5b2 gb-headline-text\">Dise\u00f1amos la estrategia<\/h5>\n\n\n\n<p class=\"gb-headline gb-headline-1b2b6407 gb-headline-text\">Teniendo ya una visi\u00f3n clara de tus necesidades, realizamos una propuesta competente que te ayude a alcanzar tus objetivos reales.<br><\/p>\n\n<\/div>\n\n<div class=\"gb-container gb-container-1eab8d17\">\n\n<h3 class=\"gb-headline gb-headline-099ebdae gb-headline-text\">3.<\/h3>\n\n\n\n<h5 class=\"gb-headline gb-headline-e4caa175 gb-headline-text\">Implementamos las propuestas<\/h5>\n\n\n\n<p class=\"gb-headline gb-headline-1a86b084 gb-headline-text\">Gran parte de nuestro \u00e9xito se basa en la implicaci\u00f3n total y la comunicaci\u00f3n fluida con nuestros clientes durante todo el desarrollo.<br><\/p>\n\n<\/div>\n<\/div>\n\n<div class=\"gb-container gb-container-61ca44ea\">\n<div class=\"gb-container gb-container-a59c86c6\">\n\n<div class=\"gb-headline gb-headline-80fa594a gb-headline-text\"><\/div>\n\n\n<div class=\"gb-container gb-container-c8df26e2\"><\/div>\n\n<div class=\"gb-container gb-container-3af68e69\">\n\n<h4 class=\"gb-headline gb-headline-cc86f975 gb-headline-text\">BENEFICIOS DE LA FISIOTERAPIA EN ENTORNO LABORAL<\/h4>\n\n\n\n<div class=\"gb-headline gb-headline-09fc52c7 gb-headline-text\"><\/div>\n\n\n<div class=\"gb-container gb-container-e6559585\">\n<div class=\"gb-container gb-container-cc8cf7b3\">\n<div class=\"gb-container gb-container-716c8a03\">\n\n<h4 class=\"gb-headline gb-headline-f597e878 gb-headline-text\"><span>REDUCIR ABSENTISMO LABORAL <\/span><\/h4>\n\n\n\n<h2 class=\"gb-headline gb-headline-667b2fd4\"><span class=\"gb-icon\"><svg aria-hidden=\"true\" role=\"img\" height=\"1em\" width=\"1em\" viewBox=\"0 0 448 512\" xmlns=\"http:\/\/www.w3.org\/2000\/svg\"><path fill=\"currentColor\" d=\"M148 288h-40c-6.6 0-12-5.4-12-12v-40c0-6.6 5.4-12 12-12h40c6.6 0 12 5.4 12 12v40c0 6.6-5.4 12-12 12zm108-12v-40c0-6.6-5.4-12-12-12h-40c-6.6 0-12 5.4-12 12v40c0 6.6 5.4 12 12 12h40c6.6 0 12-5.4 12-12zm96 0v-40c0-6.6-5.4-12-12-12h-40c-6.6 0-12 5.4-12 12v40c0 6.6 5.4 12 12 12h40c6.6 0 12-5.4 12-12zm-96 96v-40c0-6.6-5.4-12-12-12h-40c-6.6 0-12 5.4-12 12v40c0 6.6 5.4 12 12 12h40c6.6 0 12-5.4 12-12zm-96 0v-40c0-6.6-5.4-12-12-12h-40c-6.6 0-12 5.4-12 12v40c0 6.6 5.4 12 12 12h40c6.6 0 12-5.4 12-12zm192 0v-40c0-6.6-5.4-12-12-12h-40c-6.6 0-12 5.4-12 12v40c0 6.6 5.4 12 12 12h40c6.6 0 12-5.4 12-12zm96-260v352c0 26.5-21.5 48-48 48H48c-26.5 0-48-21.5-48-48V112c0-26.5 21.5-48 48-48h48V12c0-6.6 5.4-12 12-12h40c6.6 0 12 5.4 12 12v52h128V12c0-6.6 5.4-12 12-12h40c6.6 0 12 5.4 12 12v52h48c26.5 0 48 21.5 48 48zm-48 346V160H48v298c0 3.3 2.7 6 6 6h340c3.3 0 6-2.7 6-6z\"><\/path><\/svg><\/span><\/h2>\n\n\n\n<h4 class=\"gb-headline gb-headline-c41bab3f gb-headline-text\"><\/h4>\n\n\n\n<p class=\"gb-headline gb-headline-49589e7a gb-headline-text\">Lorem ipsum dolor sit amet, consectetur adipiscing elit, sed do eiusmod tempor incididunt ut labore et dolore magna aliqua placerat orci nulla pellentesque dignissim venenatis. Felis eget velit aliquet sagittis id consectetur purus. Pretium fusce id tortor pretium viverra suspendisse.<br><a href=\"https:\/\/gpsites.co\/pivot\/about\/#\"><\/a><\/p>\n\n<\/div>\n<\/div>\n\n<div class=\"gb-container gb-container-a3f19397\">\n<div class=\"gb-container gb-container-a2b05d76\">\n\n<h4 class=\"gb-headline gb-headline-6684ae84 gb-headline-text\">AUMENTO DE PRODUCTIVIDAD<\/h4>\n\n\n\n<h2 class=\"gb-headline gb-headline-c61e6a4f\"><span class=\"gb-icon\"><svg aria-hidden=\"true\" role=\"img\" height=\"1em\" width=\"1em\" viewBox=\"0 0 448 512\" xmlns=\"http:\/\/www.w3.org\/2000\/svg\"><path fill=\"currentColor\" d=\"M416 208H272V64c0-17.67-14.33-32-32-32h-32c-17.67 0-32 14.33-32 32v144H32c-17.67 0-32 14.33-32 32v32c0 17.67 14.33 32 32 32h144v144c0 17.67 14.33 32 32 32h32c17.67 0 32-14.33 32-32V304h144c17.67 0 32-14.33 32-32v-32c0-17.67-14.33-32-32-32z\"><\/path><\/svg><\/span><\/h2>\n\n\n\n<h4 class=\"gb-headline gb-headline-9db8035e gb-headline-text\"><\/h4>\n\n\n\n<p class=\"gb-headline gb-headline-843da641 gb-headline-text\">Lorem ipsum dolor sit amet, consectetur adipiscing elit, sed do eiusmod tempor incididunt ut labore et dolore magna aliqua placerat orci nulla pellentesque dignissim venenatis. Felis eget velit aliquet sagittis id consectetur purus. Pretium fusce id tortor pretium viverra suspendisse.<br><a href=\"https:\/\/gpsites.co\/pivot\/about\/#\"><\/a><\/p>\n\n<\/div>\n<\/div>\n\n<div class=\"gb-container gb-container-16d2118e\">\n<div class=\"gb-container gb-container-df3cf8db\">\n\n<h3 class=\"gb-headline gb-headline-6be02296 gb-headline-text\">PREVENCI\u00d3N<\/h3>\n\n\n\n<h2 class=\"gb-headline gb-headline-98b57e01\"><span class=\"gb-icon\"><svg aria-hidden=\"true\" role=\"img\" height=\"1em\" width=\"1em\" viewBox=\"0 0 512 512\" xmlns=\"http:\/\/www.w3.org\/2000\/svg\"><path fill=\"currentColor\" d=\"M256 8C119 8 8 119 8 256s111 248 248 248 248-111 248-248S393 8 256 8zm144 276c0 6.6-5.4 12-12 12h-92v92c0 6.6-5.4 12-12 12h-56c-6.6 0-12-5.4-12-12v-92h-92c-6.6 0-12-5.4-12-12v-56c0-6.6 5.4-12 12-12h92v-92c0-6.6 5.4-12 12-12h56c6.6 0 12 5.4 12 12v92h92c6.6 0 12 5.4 12 12v56z\"><\/path><\/svg><\/span><\/h2>\n\n\n\n<h4 class=\"gb-headline gb-headline-fd9feda7 gb-headline-text\"><\/h4>\n\n\n\n<p class=\"gb-headline gb-headline-e30e4d19 gb-headline-text\">Lorem ipsum dolor sit amet, consectetur adipiscing elit, sed do eiusmod tempor incididunt ut labore et dolore magna aliqua placerat orci nulla pellentesque dignissim venenatis. Felis eget velit aliquet sagittis id consectetur purus. Pretium fusce id tortor pretium viverra suspendisse.<br><a href=\"https:\/\/gpsites.co\/pivot\/about\/#\"><\/a><\/p>\n\n<\/div>\n<\/div>\n<\/div>\n\n<div class=\"gb-container gb-container-20478785\">\n<div class=\"gb-container gb-container-3c4b6712\">\n<div class=\"gb-container gb-container-e32fb2d7\">\n\n<h5 class=\"gb-headline gb-headline-3c92060f gb-headline-text\"><span>MEJOR CONCILIACION FAMILIAR <\/span><\/h5>\n\n\n\n<h2 class=\"gb-headline gb-headline-115aacec\"><span class=\"gb-icon\"><svg aria-hidden=\"true\" role=\"img\" height=\"1em\" width=\"1em\" viewBox=\"0 0 512 512\" xmlns=\"http:\/\/www.w3.org\/2000\/svg\"><path fill=\"currentColor\" d=\"M256 8C119.033 8 8 119.033 8 256s111.033 248 248 248 248-111.033 248-248S392.967 8 256 8zm0 48c110.532 0 200 89.451 200 200 0 110.532-89.451 200-200 200-110.532 0-200-89.451-200-200 0-110.532 89.451-200 200-200m140.204 130.267l-22.536-22.718c-4.667-4.705-12.265-4.736-16.97-.068L215.346 303.697l-59.792-60.277c-4.667-4.705-12.265-4.736-16.97-.069l-22.719 22.536c-4.705 4.667-4.736 12.265-.068 16.971l90.781 91.516c4.667 4.705 12.265 4.736 16.97.068l172.589-171.204c4.704-4.668 4.734-12.266.067-16.971z\"><\/path><\/svg><\/span><\/h2>\n\n\n\n<h4 class=\"gb-headline gb-headline-fc2ac7f8 gb-headline-text\"><\/h4>\n\n\n\n<p class=\"gb-headline gb-headline-e1d66d3d gb-headline-text\">Lorem ipsum dolor sit amet, consectetur adipiscing elit, sed do eiusmod tempor incididunt ut labore et dolore magna aliqua placerat orci nulla pellentesque dignissim venenatis. Felis eget velit aliquet sagittis id consectetur purus. Pretium fusce id tortor pretium viverra suspendisse.<br><a href=\"https:\/\/gpsites.co\/pivot\/about\/#\"><\/a><\/p>\n\n<\/div>\n<\/div>\n\n<div class=\"gb-container gb-container-69a49586\">\n<div class=\"gb-container gb-container-a8475849\">\n\n<h4 class=\"gb-headline gb-headline-9ba24776 gb-headline-text\">EVITAR DESPLAZAMIENTOS<\/h4>\n\n\n\n<h2 class=\"gb-headline gb-headline-fe56d85c\"><span class=\"gb-icon\"><svg aria-hidden=\"true\" role=\"img\" height=\"1em\" width=\"1em\" viewBox=\"0 0 384 512\" xmlns=\"http:\/\/www.w3.org\/2000\/svg\"><path fill=\"currentColor\" d=\"M172.268 501.67C26.97 291.031 0 269.413 0 192 0 85.961 85.961 0 192 0s192 85.961 192 192c0 77.413-26.97 99.031-172.268 309.67-9.535 13.774-29.93 13.773-39.464 0zM192 272c44.183 0 80-35.817 80-80s-35.817-80-80-80-80 35.817-80 80 35.817 80 80 80z\"><\/path><\/svg><\/span><\/h2>\n\n\n\n<h4 class=\"gb-headline gb-headline-4ad46fae gb-headline-text\"><\/h4>\n\n\n\n<p class=\"gb-headline gb-headline-a38a87df gb-headline-text\">Lorem ipsum dolor sit amet, consectetur adipiscing elit, sed do eiusmod tempor incididunt ut labore et dolore magna aliqua placerat orci nulla pellentesque dignissim venenatis. Felis eget velit aliquet sagittis id consectetur purus. Pretium fusce id tortor pretium viverra suspendisse.<br><a href=\"https:\/\/gpsites.co\/pivot\/about\/#\"><\/a><\/p>\n\n<\/div>\n<\/div>\n\n<div class=\"gb-container gb-container-182978af\">\n<div class=\"gb-container gb-container-899a39d7\">\n\n<h4 class=\"gb-headline gb-headline-010fcd48 gb-headline-text\">IMAGEN CORPORATIVA<\/h4>\n\n\n\n<h2 class=\"gb-headline gb-headline-4111e415\"><span class=\"gb-icon\"><svg aria-hidden=\"true\" role=\"img\" height=\"1em\" width=\"1em\" viewBox=\"0 0 512 512\" xmlns=\"http:\/\/www.w3.org\/2000\/svg\"><path fill=\"currentColor\" d=\"M462.3 62.6C407.5 15.9 326 24.3 275.7 76.2L256 96.5l-19.7-20.3C186.1 24.3 104.5 15.9 49.7 62.6c-62.8 53.6-66.1 149.8-9.9 207.9l193.5 199.8c12.5 12.9 32.8 12.9 45.3 0l193.5-199.8c56.3-58.1 53-154.3-9.8-207.9z\"><\/path><\/svg><\/span><\/h2>\n\n\n\n<h4 class=\"gb-headline gb-headline-f388a654 gb-headline-text\"><\/h4>\n\n\n\n<p class=\"gb-headline gb-headline-d7cf4fa1 gb-headline-text\">Lorem ipsum dolor sit amet, consectetur adipiscing elit, sed do eiusmod tempor incididunt ut labore et dolore magna aliqua placerat orci nulla pellentesque dignissim venenatis. Felis eget velit aliquet sagittis id consectetur purus. Pretium fusce id tortor pretium viverra suspendisse.<br><a href=\"https:\/\/gpsites.co\/pivot\/about\/#\"><\/a><\/p>\n\n<\/div>\n<\/div>\n<\/div>\n<\/div>\n<\/div>\n<\/div>\n<\/div>\n<\/div>\n\n\n<span class=\"gb-button gb-button-cd04e178\"><span class=\"gb-button-text\">Learn More<\/span><span class=\"gb-icon\"> <svg viewBox=\"0 0 512 512\" xmlns=\"http:\/\/www.w3.org\/2000\/svg\" class=\"svg-inline--fa fa-paper-plane fa-w-16\" data-icon=\"paper-plane\" data-prefix=\"fas\" aria-hidden=\"true\"><path d=\"M476 3.2L12.5 270.6c-18.1 10.4-15.8 35.6 2.2 43.2L121 358.4l287.3-253.2c5.5-4.9 13.3 2.6 8.6 8.3L176 407v80.5c0 23.6 28.5 32.9 42.5 15.8L282 426l124.6 52.2c14.2 6 30.4-2.9 33-18.2l72-432C515 7.8 493.3-6.8 476 3.2z\" fill=\"currentColor\"><\/path><\/svg><\/span><\/span>\n\n<\/div>\n\n<div class=\"gb-container gb-container-0d1f8752\">\n<div class=\"gb-container gb-container-d5169065 wp-embed-aspect-16-9 wp-has-aspect-ratio\">\n\n<h4 class=\"gb-headline gb-headline-e2e33b21 gb-headline-text\">\u00bfCOMO TRABAJAMOS?<\/h4>\n\n\n\n<div class=\"gb-headline gb-headline-e3640c1d gb-headline-text\"><\/div>\n\n\n\n<p>FISIOPREVENCION posee la capacidad de brindar el servicio de fisioterapia en cualquier lugar que se requiera, adaptando los horarios de acuerdo al n\u00famero de empleados y a la disponibilidad horaria.<\/p>\n\n\n\n<p>Nos desplazamos a cada centro de trabajo con el prop\u00f3sito de establecer contacto con los responsables, adecuar el espacio y seleccionar a nuestro personal cualificado<\/p>\n\n\n\n<p class=\"gb-headline gb-headline-8195bec0 gb-headline-text\">.<\/p>\n\n<\/div>\n\n<div class=\"gb-container gb-container-d8ebf824 wp-embed-aspect-16-9 wp-has-aspect-ratio\">\n\n<figure class=\"wp-block-embed is-type-video is-provider-youtube wp-block-embed-youtube wp-embed-aspect-16-9 wp-has-aspect-ratio\"><div class=\"wp-block-embed__wrapper\">\n<iframe loading=\"lazy\" title=\"GeneratePress - Theme Builder Promotional Video\" width=\"1200\" height=\"675\" src=\"https:\/\/www.youtube.com\/embed\/pM_GVt3TYrs?feature=oembed\" frameborder=\"0\" allow=\"accelerometer; autoplay; clipboard-write; encrypted-media; gyroscope; picture-in-picture; web-share\" allowfullscreen><\/iframe>\n<\/div><\/figure>\n\n<\/div>\n<\/div>\n\n<div class=\"gb-container gb-container-82750b78\">\n<div class=\"gb-container gb-container-2985f966\">\n\n<h3 class=\"gb-headline gb-headline-f72e2b39 gb-headline-text\">\u00bfInteresados en nuestros servicios?<\/h3>\n\n\n\n<a class=\"gb-button gb-button-b5e2a962 nowrap-button\" href=\"#\"><span class=\"gb-button-text\">SERVICIOS<\/span><span class=\"gb-icon\"> <svg aria-hidden=\"true\" data-prefix=\"fas\" data-icon=\"paper-plane\" class=\"svg-inline--fa fa-paper-plane fa-w-16\" xmlns=\"http:\/\/www.w3.org\/2000\/svg\" viewBox=\"0 0 512 512\"><path fill=\"currentColor\" d=\"M476 3.2L12.5 270.6c-18.1 10.4-15.8 35.6 2.2 43.2L121 358.4l287.3-253.2c5.5-4.9 13.3 2.6 8.6 8.3L176 407v80.5c0 23.6 28.5 32.9 42.5 15.8L282 426l124.6 52.2c14.2 6 30.4-2.9 33-18.2l72-432C515 7.8 493.3-6.8 476 3.2z\"><\/path><\/svg><\/span><\/a>\n\n<\/div>\n<\/div>\n\n<div class=\"gb-container gb-container-732ad831\">\n\n<h4 class=\"gb-headline gb-headline-d1231632 gb-headline-text\">LATEST ARTICLES<br><\/h4>\n\n\n\n<div class=\"gb-headline gb-headline-b4091054 gb-headline-text\"><\/div>\n\n\n\n<div class=\"gb-grid-wrapper gb-grid-wrapper-bb51cc14 gb-query-loop-wrapper\">\n<div class=\"gb-grid-column gb-grid-column-c8894f89 gb-query-loop-item post-654 post type-post status-publish format-standard has-post-thumbnail hentry category-business-advice tag-start-ups\"><div class=\"gb-container gb-container-c8894f89\">\n<figure class=\"gb-block-image gb-block-image-47345b90\"><img loading=\"lazy\" decoding=\"async\" width=\"1000\" height=\"667\" src=\"https:\/\/neuroprevencion.com\/wp-content\/uploads\/2021\/08\/pexels-photo-276549.jpg\" class=\"gb-image-47345b90\" alt=\"\" srcset=\"https:\/\/neuroprevencion.com\/wp-content\/uploads\/2021\/08\/pexels-photo-276549.jpg 1000w, https:\/\/neuroprevencion.com\/wp-content\/uploads\/2021\/08\/pexels-photo-276549-300x200.jpg 300w, https:\/\/neuroprevencion.com\/wp-content\/uploads\/2021\/08\/pexels-photo-276549-768x512.jpg 768w\" sizes=\"(max-width: 1000px) 100vw, 1000px\" \/><\/figure>\n\n<h3 class=\"gb-headline gb-headline-52e73afe gb-headline-text\"><a href=\"https:\/\/neuroprevencion.com\/index.php\/2018\/01\/01\/how-to-start-a-business\/\">Tips for starting a small business<\/a><\/h3>\n\n<p class=\"gb-headline gb-headline-2e67d995 gb-headline-text\"><time class=\"entry-date published\" datetime=\"2018-01-01T22:42:38+01:00\">1 de January de 2018<\/time><\/p>\n<\/div><\/div>\n\n<div class=\"gb-grid-column gb-grid-column-c8894f89 gb-query-loop-item post-906 post type-post status-publish format-standard hentry category-business-advice tag-outsourcing\"><div class=\"gb-container gb-container-c8894f89\">\n\n\n<h3 class=\"gb-headline gb-headline-52e73afe gb-headline-text\"><a href=\"https:\/\/neuroprevencion.com\/index.php\/2018\/01\/01\/when-to-hire-a-web-consultant\/\">When to hire a web consultant<\/a><\/h3>\n\n<p class=\"gb-headline gb-headline-2e67d995 gb-headline-text\"><time class=\"entry-date published\" datetime=\"2018-01-01T17:15:23+01:00\">1 de January de 2018<\/time><\/p>\n<\/div><\/div>\n\n<div class=\"gb-grid-column gb-grid-column-c8894f89 gb-query-loop-item post-897 post type-post status-publish format-standard has-post-thumbnail hentry category-business-advice tag-outsourcing\"><div class=\"gb-container gb-container-c8894f89\">\n<figure class=\"gb-block-image gb-block-image-47345b90\"><img loading=\"lazy\" decoding=\"async\" width=\"1000\" height=\"667\" src=\"https:\/\/neuroprevencion.com\/wp-content\/uploads\/2021\/08\/pexels-photo-374016.jpg\" class=\"gb-image-47345b90\" alt=\"\" srcset=\"https:\/\/neuroprevencion.com\/wp-content\/uploads\/2021\/08\/pexels-photo-374016.jpg 1000w, https:\/\/neuroprevencion.com\/wp-content\/uploads\/2021\/08\/pexels-photo-374016-300x200.jpg 300w, https:\/\/neuroprevencion.com\/wp-content\/uploads\/2021\/08\/pexels-photo-374016-768x512.jpg 768w\" sizes=\"(max-width: 1000px) 100vw, 1000px\" \/><\/figure>\n\n<h3 class=\"gb-headline gb-headline-52e73afe gb-headline-text\"><a href=\"https:\/\/neuroprevencion.com\/index.php\/2018\/01\/01\/building-the-right-remote-team\/\">Building the right remote team<\/a><\/h3>\n\n<p class=\"gb-headline gb-headline-2e67d995 gb-headline-text\"><time class=\"entry-date published\" datetime=\"2018-01-01T17:03:35+01:00\">1 de January de 2018<\/time><\/p>\n<\/div><\/div>\n<\/div>\n\n<\/div>","protected":false},"excerpt":{"rendered":"<p>salud EMPRESARIAL Ayudamos a empresas a tener un ADN saludable La salud de tu empresa , es la salud de tus trabajadores. Fisioprevencion presenta un innovador servicio de fisioterapia dentro de las empresas, siendo pionera en Espa\u00f1a en este enfoque. &#8230; <\/p>\n<p class=\"read-more-container\"><a title=\"Home\" class=\"read-more button\" href=\"https:\/\/neuroprevencion.com\/#more-1446\" aria-label=\"More on Home\">Read More<\/a><\/p>\n","protected":false},"author":1,"featured_media":0,"parent":0,"menu_order":0,"comment_status":"closed","ping_status":"closed","template":"","meta":{"footnotes":""},"_links":{"self":[{"href":"https:\/\/neuroprevencion.com\/index.php\/wp-json\/wp\/v2\/pages\/1446"}],"collection":[{"href":"https:\/\/neuroprevencion.com\/index.php\/wp-json\/wp\/v2\/pages"}],"about":[{"href":"https:\/\/neuroprevencion.com\/index.php\/wp-json\/wp\/v2\/types\/page"}],"author":[{"embeddable":true,"href":"https:\/\/neuroprevencion.com\/index.php\/wp-json\/wp\/v2\/users\/1"}],"replies":[{"embeddable":true,"href":"https:\/\/neuroprevencion.com\/index.php\/wp-json\/wp\/v2\/comments?post=1446"}],"version-history":[{"count":12,"href":"https:\/\/neuroprevencion.com\/index.php\/wp-json\/wp\/v2\/pages\/1446\/revisions"}],"predecessor-version":[{"id":2117,"href":"https:\/\/neuroprevencion.com\/index.php\/wp-json\/wp\/v2\/pages\/1446\/revisions\/2117"}],"wp:attachment":[{"href":"https:\/\/neuroprevencion.com\/index.php\/wp-json\/wp\/v2\/media?parent=1446"}],"curies":[{"name":"wp","href":"https:\/\/api.w.org\/{rel}","templated":true}]}}