{"id":1452,"date":"2018-04-07T20:29:47","date_gmt":"2018-04-07T20:29:47","guid":{"rendered":"https:\/\/gpsites.co\/pivot\/?page_id=1452"},"modified":"2024-02-06T23:48:53","modified_gmt":"2024-02-06T22:48:53","slug":"services","status":"publish","type":"page","link":"https:\/\/neuroprevencion.com\/index.php\/services\/","title":{"rendered":"Services"},"content":{"rendered":"<div class=\"gb-container gb-container-f5ccbd27\">\n<div class=\"gb-container gb-container-d5169065\">\n\n<h2 class=\"gb-headline gb-headline-e2e33b21 gb-headline-text\">Quienes somos<br><\/h2>\n\n\n\n<div class=\"gb-headline gb-headline-e3640c1d gb-headline-text\"><\/div>\n\n\n\n<p class=\"gb-headline gb-headline-8195bec0 gb-headline-text\">Somos equipo multidisciplinar que incluye profesionales de diversos campos. Contamos con fisioterapeutas ,enfermeros, m\u00e9dicos, e ingenieros.Todos ellos trabajan en conjunto hacia un mismo objetivo: brindar soluciones integrales y adaptadas a las necesidades globales de las empresas.. <\/p>\n\n\n\n<h2 class=\"gb-headline gb-headline-e725d703 gb-headline-text\">Nuestra visi\u00f3n<br><\/h2>\n\n\n\n<div class=\"gb-headline gb-headline-74a694a6 gb-headline-text\"><\/div>\n\n\n\n<p class=\"gb-headline gb-headline-3253638f gb-headline-text\">Con la llegada del siglo XXI, las compa\u00f1\u00edas l\u00edderes est\u00e1n comenzando a adoptar la fisioterapia como parte de sus servicios. Con la implementaci\u00f3n de la fisioterapia durante la segunda mitad del siglo XX, y su posterior incorporaci\u00f3n en los principales equipos deportivos, se ha producido una transformaci\u00f3n en el proceso de recuperaci\u00f3n de lesiones<\/p>\n\n<\/div>\n<\/div>\n\n<div class=\"gb-container gb-container-981bf966\"><\/div>\n\n<div class=\"gb-container gb-container-237a4274\">\n<div class=\"gb-container gb-container-2c7914ef\">\n\n<h4 class=\"gb-headline gb-headline-2cf99170 gb-headline-text\">TESTIMONIOS<\/h4>\n\n\n\n<div class=\"gb-headline gb-headline-14667e41 gb-headline-text\"><\/div>\n\n\n\n<p class=\"gb-headline gb-headline-a18f622d gb-headline-text\">&#8220;Realmente encantados por los servicios provistos por este equipo.Muy buena colaboraci\u00f3n, Gracias por vuestra ayuda&#8221;\u2026<br><\/p>\n\n\n\n<p class=\"gb-headline gb-headline-8ad83f3a gb-headline-text\">Roc\u00edo \u2013 Responsable de contenidos &#8211; Sector automovil\u00edstico<br><\/p>\n\n<\/div>\n<\/div>\n\n<div class=\"gb-container gb-container-06d90eaa\">\n<div class=\"gb-container gb-container-69fa1b3e\">\n\n<h4 class=\"gb-headline gb-headline-2b846f69 gb-headline-text\">NUESTRO VALOR A\u00d1ADIDO<\/h4>\n\n\n\n<div class=\"gb-headline gb-headline-4d053e9e gb-headline-text\"><\/div>\n\n<\/div>\n\n<div class=\"gb-container gb-container-d6573cc2\">\n<div class=\"gb-container gb-container-3ff75567\">\n\n<h5 class=\"gb-headline gb-headline-f3d1026c\"><span class=\"gb-icon\"><svg aria-hidden=\"true\" role=\"img\" height=\"1em\" width=\"1em\" viewBox=\"0 0 512 512\" xmlns=\"http:\/\/www.w3.org\/2000\/svg\"><path fill=\"currentColor\" d=\"M173.898 439.404l-166.4-166.4c-9.997-9.997-9.997-26.206 0-36.204l36.203-36.204c9.997-9.998 26.207-9.998 36.204 0L192 312.69 432.095 72.596c9.997-9.997 26.207-9.997 36.204 0l36.203 36.204c9.997 9.997 9.997 26.206 0 36.204l-294.4 294.401c-9.998 9.997-26.207 9.997-36.204-.001z\"><\/path><\/svg><\/span><span class=\"gb-headline-text\">PROFESIONAL CUALIFICADO<\/span><\/h5>\n\n\n\n<p>Contamos con un equipo de expertos con amplia experiencia y conocimientos especializados en su campo, lo que nos permite ofrecer servicios de calidad y resultados destacados<\/p>\n\n\n\n<h5 class=\"gb-headline gb-headline-831ddcd9\"><span class=\"gb-icon\"><svg aria-hidden=\"true\" role=\"img\" height=\"1em\" width=\"1em\" viewBox=\"0 0 512 512\" xmlns=\"http:\/\/www.w3.org\/2000\/svg\"><path fill=\"currentColor\" d=\"M173.898 439.404l-166.4-166.4c-9.997-9.997-9.997-26.206 0-36.204l36.203-36.204c9.997-9.998 26.207-9.998 36.204 0L192 312.69 432.095 72.596c9.997-9.997 26.207-9.997 36.204 0l36.203 36.204c9.997 9.997 9.997 26.206 0 36.204l-294.4 294.401c-9.998 9.997-26.207 9.997-36.204-.001z\"><\/path><\/svg><\/span><span class=\"gb-headline-text\">COMPROMISO<\/span><\/h5>\n\n\n\n<p>Nos dedicamos a mantener altos est\u00e1ndares de calidad en todos nuestros servicios. Buscamos constantemente la mejora y la satisfacci\u00f3n total de nuestros clientes<\/p>\n\n\n\n<p class=\"gb-headline gb-headline-a33b7e98 gb-headline-text\"><br><\/p>\n\n<\/div>\n\n<div class=\"gb-container gb-container-de78046c\">\n\n<h5 class=\"gb-headline gb-headline-a480d645\"><span class=\"gb-icon\"><svg aria-hidden=\"true\" role=\"img\" height=\"1em\" width=\"1em\" viewBox=\"0 0 512 512\" xmlns=\"http:\/\/www.w3.org\/2000\/svg\"><path fill=\"currentColor\" d=\"M173.898 439.404l-166.4-166.4c-9.997-9.997-9.997-26.206 0-36.204l36.203-36.204c9.997-9.998 26.207-9.998 36.204 0L192 312.69 432.095 72.596c9.997-9.997 26.207-9.997 36.204 0l36.203 36.204c9.997 9.997 9.997 26.206 0 36.204l-294.4 294.401c-9.998 9.997-26.207 9.997-36.204-.001z\"><\/path><\/svg><\/span><span class=\"gb-headline-text\"><span>USO DE TECNOLOGI<\/span>A<\/span><\/h5>\n\n\n\n<p class=\"gb-headline gb-headline-9dcc0139 gb-headline-text\">Incorporamos tecnolog\u00eda de vanguardia y recursos actualizados para proporcionar tratamientos modernos y eficientes.<br><\/p>\n\n\n\n<p><\/p>\n\n\n\n<h5 class=\"gb-headline gb-headline-918791cf\"><span class=\"gb-icon\"><svg aria-hidden=\"true\" role=\"img\" height=\"1em\" width=\"1em\" viewBox=\"0 0 512 512\" xmlns=\"http:\/\/www.w3.org\/2000\/svg\"><path fill=\"currentColor\" d=\"M173.898 439.404l-166.4-166.4c-9.997-9.997-9.997-26.206 0-36.204l36.203-36.204c9.997-9.998 26.207-9.998 36.204 0L192 312.69 432.095 72.596c9.997-9.997 26.207-9.997 36.204 0l36.203 36.204c9.997 9.997 9.997 26.206 0 36.204l-294.4 294.401c-9.998 9.997-26.207 9.997-36.204-.001z\"><\/path><\/svg><\/span><span class=\"gb-headline-text\">INDIVIDUALIZACION<\/span><\/h5>\n\n\n\n<p class=\"gb-headline gb-headline-dd64f384 gb-headline-text\">Nos centramos en comprender las necesidades \u00fanicas de cada cliente y adaptar nuestros servicios en consecuencia. Valoramos la individualidad y nos esforzamos por brindar soluciones personalizadas.<br><\/p>\n\n<\/div>\n\n<div class=\"gb-container gb-container-9bb3b7b8\">\n\n<h5 class=\"gb-headline gb-headline-d55e51a1\"><span class=\"gb-icon\"><svg aria-hidden=\"true\" role=\"img\" height=\"1em\" width=\"1em\" viewBox=\"0 0 512 512\" xmlns=\"http:\/\/www.w3.org\/2000\/svg\"><path fill=\"currentColor\" d=\"M173.898 439.404l-166.4-166.4c-9.997-9.997-9.997-26.206 0-36.204l36.203-36.204c9.997-9.998 26.207-9.998 36.204 0L192 312.69 432.095 72.596c9.997-9.997 26.207-9.997 36.204 0l36.203 36.204c9.997 9.997 9.997 26.206 0 36.204l-294.4 294.401c-9.998 9.997-26.207 9.997-36.204-.001z\"><\/path><\/svg><\/span><span class=\"gb-headline-text\">ENFOQUE MULTIDISPLINAR<\/span><\/h5>\n\n\n\n<p class=\"gb-headline gb-headline-adbbb200 gb-headline-text\">Trabajamos en estrecha colaboraci\u00f3n con el servicio m\u00e9dico de las empreesas, lo que nos permite abordar de manera integral las necesidades de nuestros pacientes y ofrecer soluciones hol\u00edsticas.<br><\/p>\n\n\n\n<h5 class=\"gb-headline gb-headline-73f75639\"><span class=\"gb-icon\"><svg aria-hidden=\"true\" role=\"img\" height=\"1em\" width=\"1em\" viewBox=\"0 0 512 512\" xmlns=\"http:\/\/www.w3.org\/2000\/svg\"><path fill=\"currentColor\" d=\"M173.898 439.404l-166.4-166.4c-9.997-9.997-9.997-26.206 0-36.204l36.203-36.204c9.997-9.998 26.207-9.998 36.204 0L192 312.69 432.095 72.596c9.997-9.997 26.207-9.997 36.204 0l36.203 36.204c9.997 9.997 9.997 26.206 0 36.204l-294.4 294.401c-9.998 9.997-26.207 9.997-36.204-.001z\"><\/path><\/svg><\/span><span class=\"gb-headline-text\">ATENCI\u00d3N EN TODA ESPA\u00d1A<\/span><\/h5>\n\n\n\n<p class=\"gb-headline gb-headline-5149f18e gb-headline-text\">Damos servicio en cualquier localizaci\u00f3n de la geograf\u00eda espa\u00f1ola.<br><\/p>\n\n<\/div>\n<\/div>\n<\/div>\n\n<div class=\"gb-container gb-container-71217aa0\">\n\n<h3 class=\"gb-headline gb-headline-f72e2b39 gb-headline-text\">Preparados para transformaros en una empresa saludable?<\/h3>\n\n\n\n<a class=\"gb-button gb-button-b5e2a962 nowrap-button\" href=\"#\"><span class=\"gb-button-text\">Contact o<\/span><span class=\"gb-icon\"> <svg aria-hidden=\"true\" data-prefix=\"fas\" data-icon=\"paper-plane\" class=\"svg-inline--fa fa-paper-plane fa-w-16\" xmlns=\"http:\/\/www.w3.org\/2000\/svg\" viewBox=\"0 0 512 512\"><path fill=\"currentColor\" d=\"M476 3.2L12.5 270.6c-18.1 10.4-15.8 35.6 2.2 43.2L121 358.4l287.3-253.2c5.5-4.9 13.3 2.6 8.6 8.3L176 407v80.5c0 23.6 28.5 32.9 42.5 15.8L282 426l124.6 52.2c14.2 6 30.4-2.9 33-18.2l72-432C515 7.8 493.3-6.8 476 3.2z\"><\/path><\/svg><\/span><\/a>\n\n<\/div>","protected":false},"excerpt":{"rendered":"<p>Quienes somos Somos equipo multidisciplinar que incluye profesionales de diversos campos. Contamos con fisioterapeutas ,enfermeros, m\u00e9dicos, e ingenieros.Todos ellos trabajan en conjunto hacia un mismo objetivo: brindar soluciones integrales y adaptadas a las necesidades globales de las empresas.. Nuestra visi\u00f3n &#8230; <\/p>\n<p class=\"read-more-container\"><a title=\"Services\" class=\"read-more button\" href=\"https:\/\/neuroprevencion.com\/index.php\/services\/#more-1452\" aria-label=\"More on Services\">Read More<\/a><\/p>\n","protected":false},"author":1,"featured_media":0,"parent":0,"menu_order":0,"comment_status":"closed","ping_status":"closed","template":"","meta":{"footnotes":""},"_links":{"self":[{"href":"https:\/\/neuroprevencion.com\/index.php\/wp-json\/wp\/v2\/pages\/1452"}],"collection":[{"href":"https:\/\/neuroprevencion.com\/index.php\/wp-json\/wp\/v2\/pages"}],"about":[{"href":"https:\/\/neuroprevencion.com\/index.php\/wp-json\/wp\/v2\/types\/page"}],"author":[{"embeddable":true,"href":"https:\/\/neuroprevencion.com\/index.php\/wp-json\/wp\/v2\/users\/1"}],"replies":[{"embeddable":true,"href":"https:\/\/neuroprevencion.com\/index.php\/wp-json\/wp\/v2\/comments?post=1452"}],"version-history":[{"count":13,"href":"https:\/\/neuroprevencion.com\/index.php\/wp-json\/wp\/v2\/pages\/1452\/revisions"}],"predecessor-version":[{"id":2080,"href":"https:\/\/neuroprevencion.com\/index.php\/wp-json\/wp\/v2\/pages\/1452\/revisions\/2080"}],"wp:attachment":[{"href":"https:\/\/neuroprevencion.com\/index.php\/wp-json\/wp\/v2\/media?parent=1452"}],"curies":[{"name":"wp","href":"https:\/\/api.w.org\/{rel}","templated":true}]}}